{"id":196,"date":"2023-07-13T16:12:07","date_gmt":"2023-07-13T21:12:07","guid":{"rendered":"https:\/\/hermanasfranciscanasdelasagradafamilia.com\/?page_id=196"},"modified":"2024-09-04T21:51:12","modified_gmt":"2024-09-05T02:51:12","slug":"italia","status":"publish","type":"page","link":"https:\/\/hermanasfranciscanasdelasagradafamilia.com\/index.php\/italia\/","title":{"rendered":"Italia"},"content":{"rendered":"\n<div class=\"wp-block-columns is-layout-flex wp-container-core-columns-is-layout-9d6595d7 wp-block-columns-is-layout-flex\">\n<div class=\"wp-block-column is-layout-flow wp-block-column-is-layout-flow\">\n<p>Nosotras, hermanas Franciscanas de la Sagrada Familia, fuimos fundadas en Italia por Sor Mar\u00eda Teresa Lega, ella naci\u00f3 en un pueblo llamado Brisighella el 13 de enero de 1812. Ella consagro su vida al se\u00f1or el 27 de septiembre de 1835, con las monjas del monasterio de Fognano, en donde ella hab\u00eda realizado sus estudios. Despu\u00e9s de alg\u00fan tiempo siente la inspiraci\u00f3n de dar vida a una nueva fundaci\u00f3n, un Instituto para las ni\u00f1as pobres que est\u00e1n abandonadas en la calle. Es as\u00ed como el 6 de junio de 1871, Sor Mar\u00eda Teresa abandon\u00f3 el monasterio y lleg\u00f3 a Modigliana, donde Dios la llam\u00f3 a iniciar la Obra: una peque\u00f1a familia para las ni\u00f1as hu\u00e9rfanas m\u00e1s pobres.<\/p>\n\n\n\n<p>Actualmente las hermanas est\u00e1n presentes en cinco lugares pertenecientes a una regi\u00f3n (Emilia Romagna) hacia el norte de Italia.<\/p>\n\n\n\n<figure class=\"wp-block-image size-large is-resized\"><img loading=\"lazy\" decoding=\"async\" width=\"1024\" height=\"575\" src=\"https:\/\/hermanasfranciscanasdelasagradafamilia.com\/wp-content\/uploads\/2024\/09\/veduta-Brisighella-2-1024x575.jpg\" alt=\"\" class=\"wp-image-528\" style=\"width:547px;height:auto\" srcset=\"https:\/\/hermanasfranciscanasdelasagradafamilia.com\/wp-content\/uploads\/2024\/09\/veduta-Brisighella-2-1024x575.jpg 1024w, https:\/\/hermanasfranciscanasdelasagradafamilia.com\/wp-content\/uploads\/2024\/09\/veduta-Brisighella-2-300x169.jpg 300w, https:\/\/hermanasfranciscanasdelasagradafamilia.com\/wp-content\/uploads\/2024\/09\/veduta-Brisighella-2-768x432.jpg 768w, https:\/\/hermanasfranciscanasdelasagradafamilia.com\/wp-content\/uploads\/2024\/09\/veduta-Brisighella-2-1536x863.jpg 1536w, https:\/\/hermanasfranciscanasdelasagradafamilia.com\/wp-content\/uploads\/2024\/09\/veduta-Brisighella-2-534x300.jpg 534w, https:\/\/hermanasfranciscanasdelasagradafamilia.com\/wp-content\/uploads\/2024\/09\/veduta-Brisighella-2.jpg 1920w\" sizes=\"auto, (max-width: 1024px) 100vw, 1024px\" \/><\/figure>\n<\/div>\n\n\n\n<div class=\"wp-block-column is-layout-flow wp-block-column-is-layout-flow\">\n<figure class=\"wp-block-image size-full is-resized\"><img loading=\"lazy\" decoding=\"async\" width=\"478\" height=\"785\" src=\"https:\/\/hermanasfranciscanasdelasagradafamilia.com\/wp-content\/uploads\/2024\/09\/Imagenjh.png\" alt=\"\" class=\"wp-image-529\" style=\"width:447px;height:auto\" srcset=\"https:\/\/hermanasfranciscanasdelasagradafamilia.com\/wp-content\/uploads\/2024\/09\/Imagenjh.png 478w, https:\/\/hermanasfranciscanasdelasagradafamilia.com\/wp-content\/uploads\/2024\/09\/Imagenjh-183x300.png 183w\" sizes=\"auto, (max-width: 478px) 100vw, 478px\" \/><\/figure>\n<\/div>\n<\/div>\n\n\n\n<div class=\"wp-block-columns is-layout-flex wp-container-core-columns-is-layout-9d6595d7 wp-block-columns-is-layout-flex\">\n<div class=\"wp-block-column is-layout-flow wp-block-column-is-layout-flow\">\n<p><strong>Cesena<\/strong><\/p>\n\n\n\n<div class=\"wp-block-group\"><div class=\"wp-block-group__inner-container is-layout-flow wp-block-group-is-layout-flow\">\n<pre class=\"wp-block-preformatted\">Centro educativo: El Cantiere 411<\/pre>\n<\/div><\/div>\n\n\n\n<figure class=\"wp-block-image size-full is-resized\"><a href=\"https:\/\/www.facebook.com\/cantiere411\" target=\"_blank\" rel=\"noreferrer noopener\"><img loading=\"lazy\" decoding=\"async\" width=\"853\" height=\"771\" src=\"https:\/\/hermanasfranciscanasdelasagradafamilia.com\/wp-content\/uploads\/2024\/09\/RTE.png\" alt=\"\" class=\"wp-image-535\" style=\"width:258px;height:auto\" srcset=\"https:\/\/hermanasfranciscanasdelasagradafamilia.com\/wp-content\/uploads\/2024\/09\/RTE.png 853w, https:\/\/hermanasfranciscanasdelasagradafamilia.com\/wp-content\/uploads\/2024\/09\/RTE-300x271.png 300w, https:\/\/hermanasfranciscanasdelasagradafamilia.com\/wp-content\/uploads\/2024\/09\/RTE-768x694.png 768w, https:\/\/hermanasfranciscanasdelasagradafamilia.com\/wp-content\/uploads\/2024\/09\/RTE-332x300.png 332w\" sizes=\"auto, (max-width: 853px) 100vw, 853px\" \/><\/a><\/figure>\n\n\n\n<div class=\"wp-block-columns is-layout-flex wp-container-core-columns-is-layout-9d6595d7 wp-block-columns-is-layout-flex\">\n<div class=\"wp-block-column is-layout-flow wp-block-column-is-layout-flow\"><\/div>\n\n\n\n<div class=\"wp-block-column is-layout-flow wp-block-column-is-layout-flow\"><\/div>\n<\/div>\n<\/div>\n\n\n\n<div class=\"wp-block-column is-layout-flow wp-block-column-is-layout-flow\">\n<p><strong>La Verna<\/strong><\/p>\n\n\n\n<div class=\"wp-block-group\"><div class=\"wp-block-group__inner-container is-layout-flow wp-block-group-is-layout-flow\">\n<pre class=\"wp-block-preformatted\">Casa de espiritualidad La Roca<\/pre>\n<\/div><\/div>\n\n\n<div class=\"wp-block-image\">\n<figure class=\"alignleft size-large is-resized\"><a href=\"https:\/\/www.suoresacrafamiglia.it\/la-verna\/\" target=\"_blank\" rel=\"noreferrer noopener\"><img loading=\"lazy\" decoding=\"async\" width=\"1024\" height=\"990\" src=\"https:\/\/hermanasfranciscanasdelasagradafamilia.com\/wp-content\/uploads\/2024\/09\/rrrytu-1024x990.png\" alt=\"\" class=\"wp-image-538\" style=\"width:257px;height:auto\" srcset=\"https:\/\/hermanasfranciscanasdelasagradafamilia.com\/wp-content\/uploads\/2024\/09\/rrrytu-1024x990.png 1024w, https:\/\/hermanasfranciscanasdelasagradafamilia.com\/wp-content\/uploads\/2024\/09\/rrrytu-300x290.png 300w, https:\/\/hermanasfranciscanasdelasagradafamilia.com\/wp-content\/uploads\/2024\/09\/rrrytu-768x742.png 768w, https:\/\/hermanasfranciscanasdelasagradafamilia.com\/wp-content\/uploads\/2024\/09\/rrrytu-310x300.png 310w, https:\/\/hermanasfranciscanasdelasagradafamilia.com\/wp-content\/uploads\/2024\/09\/rrrytu.png 1164w\" sizes=\"auto, (max-width: 1024px) 100vw, 1024px\" \/><\/a><\/figure>\n<\/div><\/div>\n\n\n\n<div class=\"wp-block-column is-layout-flow wp-block-column-is-layout-flow\">\n<p><strong>Brisighella<\/strong><\/p>\n\n\n\n<pre class=\"wp-block-preformatted\">Casa de las hermanas mayores<br><\/pre>\n\n\n\n<figure class=\"wp-block-image size-large\"><img loading=\"lazy\" decoding=\"async\" width=\"1024\" height=\"889\" src=\"https:\/\/hermanasfranciscanasdelasagradafamilia.com\/wp-content\/uploads\/2024\/09\/JLUN-1-1024x889.png\" alt=\"\" class=\"wp-image-559\" srcset=\"https:\/\/hermanasfranciscanasdelasagradafamilia.com\/wp-content\/uploads\/2024\/09\/JLUN-1-1024x889.png 1024w, https:\/\/hermanasfranciscanasdelasagradafamilia.com\/wp-content\/uploads\/2024\/09\/JLUN-1-300x260.png 300w, https:\/\/hermanasfranciscanasdelasagradafamilia.com\/wp-content\/uploads\/2024\/09\/JLUN-1-768x667.png 768w, https:\/\/hermanasfranciscanasdelasagradafamilia.com\/wp-content\/uploads\/2024\/09\/JLUN-1-346x300.png 346w, https:\/\/hermanasfranciscanasdelasagradafamilia.com\/wp-content\/uploads\/2024\/09\/JLUN-1.png 1130w\" sizes=\"auto, (max-width: 1024px) 100vw, 1024px\" \/><\/figure>\n<\/div>\n\n\n\n<div class=\"wp-block-column is-layout-flow wp-block-column-is-layout-flow\">\n<p><strong>Santarcangelo<\/strong><\/p>\n\n\n\n<pre class=\"wp-block-preformatted\">Casa de acogida<\/pre>\n\n\n\n<figure class=\"wp-block-image size-full is-resized\"><img loading=\"lazy\" decoding=\"async\" width=\"733\" height=\"653\" src=\"https:\/\/hermanasfranciscanasdelasagradafamilia.com\/wp-content\/uploads\/2024\/09\/PP.jpg\" alt=\"\" class=\"wp-image-556\" style=\"width:269px;height:auto\" srcset=\"https:\/\/hermanasfranciscanasdelasagradafamilia.com\/wp-content\/uploads\/2024\/09\/PP.jpg 733w, https:\/\/hermanasfranciscanasdelasagradafamilia.com\/wp-content\/uploads\/2024\/09\/PP-300x267.jpg 300w, https:\/\/hermanasfranciscanasdelasagradafamilia.com\/wp-content\/uploads\/2024\/09\/PP-337x300.jpg 337w\" sizes=\"auto, (max-width: 733px) 100vw, 733px\" \/><\/figure>\n<\/div>\n\n\n\n<div class=\"wp-block-column is-layout-flow wp-block-column-is-layout-flow\">\n<p><strong>Rocca san Casciano<\/strong><\/p>\n\n\n\n<pre class=\"wp-block-preformatted\">Casa acogida<\/pre>\n\n\n<div class=\"wp-block-image\">\n<figure class=\"aligncenter size-full is-resized\"><img loading=\"lazy\" decoding=\"async\" width=\"667\" height=\"591\" src=\"https:\/\/hermanasfranciscanasdelasagradafamilia.com\/wp-content\/uploads\/2024\/09\/UYO.jpg\" alt=\"\" class=\"wp-image-546\" style=\"width:267px;height:auto\" srcset=\"https:\/\/hermanasfranciscanasdelasagradafamilia.com\/wp-content\/uploads\/2024\/09\/UYO.jpg 667w, https:\/\/hermanasfranciscanasdelasagradafamilia.com\/wp-content\/uploads\/2024\/09\/UYO-300x266.jpg 300w, https:\/\/hermanasfranciscanasdelasagradafamilia.com\/wp-content\/uploads\/2024\/09\/UYO-339x300.jpg 339w\" sizes=\"auto, (max-width: 667px) 100vw, 667px\" \/><\/figure>\n<\/div><\/div>\n<\/div>\n","protected":false},"excerpt":{"rendered":"<p><span class=\"excerpt-fade\"><\/span><\/p>\n","protected":false},"author":1,"featured_media":466,"parent":0,"menu_order":0,"comment_status":"closed","ping_status":"closed","template":"","meta":{"footnotes":""},"class_list":["post-196","page","type-page","status-publish","has-post-thumbnail","hentry"],"_links":{"self":[{"href":"https:\/\/hermanasfranciscanasdelasagradafamilia.com\/index.php\/wp-json\/wp\/v2\/pages\/196","targetHints":{"allow":["GET"]}}],"collection":[{"href":"https:\/\/hermanasfranciscanasdelasagradafamilia.com\/index.php\/wp-json\/wp\/v2\/pages"}],"about":[{"href":"https:\/\/hermanasfranciscanasdelasagradafamilia.com\/index.php\/wp-json\/wp\/v2\/types\/page"}],"author":[{"embeddable":true,"href":"https:\/\/hermanasfranciscanasdelasagradafamilia.com\/index.php\/wp-json\/wp\/v2\/users\/1"}],"replies":[{"embeddable":true,"href":"https:\/\/hermanasfranciscanasdelasagradafamilia.com\/index.php\/wp-json\/wp\/v2\/comments?post=196"}],"version-history":[{"count":19,"href":"https:\/\/hermanasfranciscanasdelasagradafamilia.com\/index.php\/wp-json\/wp\/v2\/pages\/196\/revisions"}],"predecessor-version":[{"id":567,"href":"https:\/\/hermanasfranciscanasdelasagradafamilia.com\/index.php\/wp-json\/wp\/v2\/pages\/196\/revisions\/567"}],"wp:featuredmedia":[{"embeddable":true,"href":"https:\/\/hermanasfranciscanasdelasagradafamilia.com\/index.php\/wp-json\/wp\/v2\/media\/466"}],"wp:attachment":[{"href":"https:\/\/hermanasfranciscanasdelasagradafamilia.com\/index.php\/wp-json\/wp\/v2\/media?parent=196"}],"curies":[{"name":"wp","href":"https:\/\/api.w.org\/{rel}","templated":true}]}}