{"id":213,"date":"2023-07-13T17:04:55","date_gmt":"2023-07-13T22:04:55","guid":{"rendered":"https:\/\/hermanasfranciscanasdelasagradafamilia.com\/?page_id=213"},"modified":"2024-02-17T10:51:50","modified_gmt":"2024-02-17T15:51:50","slug":"conocenos","status":"publish","type":"page","link":"https:\/\/hermanasfranciscanasdelasagradafamilia.com\/index.php\/conocenos\/","title":{"rendered":"Nuestro carisma"},"content":{"rendered":"\n<p class=\"has-text-align-center has-large-font-size\"><strong>Nuestro carisma<\/strong><\/p>\n\n\n\n<div class=\"wp-block-group is-vertical is-content-justification-center is-layout-flex wp-container-core-group-is-layout-4b2eccd6 wp-block-group-is-layout-flex\">\n<p class=\"has-text-align-center has-large-font-size\">Contemplar, meditar y revivir la pasi\u00f3n de nuestro se\u00f1or Jesucristo, <\/p>\n\n\n\n<p class=\"has-text-align-center has-large-font-size\">que desde la cruz redime a los hombres.<\/p>\n<\/div>\n\n\n\n<figure class=\"wp-block-gallery has-nested-images columns-default is-cropped is-style-rectangular wp-block-gallery-1 is-layout-flex wp-block-gallery-is-layout-flex\">\n<figure class=\"wp-block-image size-full is-style-rounded\"><img loading=\"lazy\" decoding=\"async\" width=\"718\" height=\"803\" data-id=\"464\" src=\"https:\/\/hermanasfranciscanasdelasagradafamilia.com\/wp-content\/uploads\/2024\/02\/Screenshot_20230729_090443_WhatsApp.jpg\" alt=\"\" class=\"wp-image-464\" srcset=\"https:\/\/hermanasfranciscanasdelasagradafamilia.com\/wp-content\/uploads\/2024\/02\/Screenshot_20230729_090443_WhatsApp.jpg 718w, https:\/\/hermanasfranciscanasdelasagradafamilia.com\/wp-content\/uploads\/2024\/02\/Screenshot_20230729_090443_WhatsApp-268x300.jpg 268w\" sizes=\"auto, (max-width: 718px) 100vw, 718px\" \/><figcaption class=\"wp-element-caption\">CONTEMPLAR<\/figcaption><\/figure>\n\n\n\n<figure class=\"wp-block-image size-large is-style-rounded\"><img loading=\"lazy\" decoding=\"async\" width=\"938\" height=\"650\" data-id=\"276\" src=\"https:\/\/hermanasfranciscanasdelasagradafamilia.com\/wp-content\/uploads\/2023\/10\/2-4.png\" alt=\"\" class=\"wp-image-276\" srcset=\"https:\/\/hermanasfranciscanasdelasagradafamilia.com\/wp-content\/uploads\/2023\/10\/2-4.png 938w, https:\/\/hermanasfranciscanasdelasagradafamilia.com\/wp-content\/uploads\/2023\/10\/2-4-300x208.png 300w, https:\/\/hermanasfranciscanasdelasagradafamilia.com\/wp-content\/uploads\/2023\/10\/2-4-768x532.png 768w, https:\/\/hermanasfranciscanasdelasagradafamilia.com\/wp-content\/uploads\/2023\/10\/2-4-433x300.png 433w\" sizes=\"auto, (max-width: 938px) 100vw, 938px\" \/><figcaption class=\"wp-element-caption\">MEDITAR<\/figcaption><\/figure>\n\n\n\n<figure class=\"wp-block-image size-large is-style-rounded\"><img loading=\"lazy\" decoding=\"async\" width=\"1024\" height=\"609\" data-id=\"278\" src=\"https:\/\/hermanasfranciscanasdelasagradafamilia.com\/wp-content\/uploads\/2023\/10\/3-3-1024x609.png\" alt=\"\" class=\"wp-image-278\" srcset=\"https:\/\/hermanasfranciscanasdelasagradafamilia.com\/wp-content\/uploads\/2023\/10\/3-3-1024x609.png 1024w, https:\/\/hermanasfranciscanasdelasagradafamilia.com\/wp-content\/uploads\/2023\/10\/3-3-300x178.png 300w, https:\/\/hermanasfranciscanasdelasagradafamilia.com\/wp-content\/uploads\/2023\/10\/3-3-768x457.png 768w, https:\/\/hermanasfranciscanasdelasagradafamilia.com\/wp-content\/uploads\/2023\/10\/3-3-504x300.png 504w, https:\/\/hermanasfranciscanasdelasagradafamilia.com\/wp-content\/uploads\/2023\/10\/3-3.png 1103w\" sizes=\"auto, (max-width: 1024px) 100vw, 1024px\" \/><figcaption class=\"wp-element-caption\">REVIVIR<\/figcaption><\/figure>\n<\/figure>\n\n\n\n<div class=\"wp-block-columns alignwide are-vertically-aligned-center is-layout-flex wp-container-core-columns-is-layout-9d6595d7 wp-block-columns-is-layout-flex\">\n<div class=\"wp-block-column is-vertically-aligned-center is-layout-flow wp-block-column-is-layout-flow\">\n<div class=\"wp-block-group\"><div class=\"wp-block-group__inner-container is-layout-constrained wp-block-group-is-layout-constrained\">\n<p class=\"has-text-align-center has-large-font-size\"><strong>Nuestra misi\u00f3n<\/strong><\/p>\n\n\n\n<div class=\"wp-block-group is-vertical is-content-justification-center is-layout-flex wp-container-core-group-is-layout-4b2eccd6 wp-block-group-is-layout-flex\">\n<p class=\"has-text-align-left has-large-font-size\" style=\"letter-spacing:0px\">Especial predilecci\u00f3n por la juventud: la m\u00e1s pobre y abandonada en s\u00ed misma,  <\/p>\n\n\n\n<p class=\"has-text-align-left has-large-font-size\" style=\"letter-spacing:0px\">esto quiere decir escuchar, acompa\u00f1ar y orientar a los j\u00f3venes <\/p>\n\n\n\n<p class=\"has-text-align-left has-large-font-size\" style=\"letter-spacing:0px\">en medio de sus realidades de pobreza tanto espiritual como material.<\/p>\n<\/div>\n\n\n\n<figure class=\"wp-block-gallery has-nested-images columns-default is-cropped is-style-rectangular wp-block-gallery-2 is-layout-flex wp-block-gallery-is-layout-flex\">\n<figure class=\"wp-block-image size-full is-style-default\"><img loading=\"lazy\" decoding=\"async\" width=\"963\" height=\"638\" data-id=\"256\" src=\"https:\/\/hermanasfranciscanasdelasagradafamilia.com\/wp-content\/uploads\/2023\/10\/8.png\" alt=\"\" class=\"wp-image-256\" srcset=\"https:\/\/hermanasfranciscanasdelasagradafamilia.com\/wp-content\/uploads\/2023\/10\/8.png 963w, https:\/\/hermanasfranciscanasdelasagradafamilia.com\/wp-content\/uploads\/2023\/10\/8-300x199.png 300w, https:\/\/hermanasfranciscanasdelasagradafamilia.com\/wp-content\/uploads\/2023\/10\/8-768x509.png 768w, https:\/\/hermanasfranciscanasdelasagradafamilia.com\/wp-content\/uploads\/2023\/10\/8-453x300.png 453w\" sizes=\"auto, (max-width: 963px) 100vw, 963px\" \/><\/figure>\n\n\n\n<figure class=\"wp-block-image size-large\"><img loading=\"lazy\" decoding=\"async\" width=\"843\" height=\"679\" data-id=\"257\" src=\"https:\/\/hermanasfranciscanasdelasagradafamilia.com\/wp-content\/uploads\/2023\/10\/9.png\" alt=\"\" class=\"wp-image-257\" srcset=\"https:\/\/hermanasfranciscanasdelasagradafamilia.com\/wp-content\/uploads\/2023\/10\/9.png 843w, https:\/\/hermanasfranciscanasdelasagradafamilia.com\/wp-content\/uploads\/2023\/10\/9-300x242.png 300w, https:\/\/hermanasfranciscanasdelasagradafamilia.com\/wp-content\/uploads\/2023\/10\/9-768x619.png 768w, https:\/\/hermanasfranciscanasdelasagradafamilia.com\/wp-content\/uploads\/2023\/10\/9-372x300.png 372w\" sizes=\"auto, (max-width: 843px) 100vw, 843px\" \/><\/figure>\n\n\n\n<figure class=\"wp-block-image size-large\"><img loading=\"lazy\" decoding=\"async\" width=\"989\" height=\"739\" data-id=\"258\" src=\"https:\/\/hermanasfranciscanasdelasagradafamilia.com\/wp-content\/uploads\/2023\/10\/10.png\" alt=\"\" class=\"wp-image-258\" srcset=\"https:\/\/hermanasfranciscanasdelasagradafamilia.com\/wp-content\/uploads\/2023\/10\/10.png 989w, https:\/\/hermanasfranciscanasdelasagradafamilia.com\/wp-content\/uploads\/2023\/10\/10-300x224.png 300w, https:\/\/hermanasfranciscanasdelasagradafamilia.com\/wp-content\/uploads\/2023\/10\/10-768x574.png 768w, https:\/\/hermanasfranciscanasdelasagradafamilia.com\/wp-content\/uploads\/2023\/10\/10-401x300.png 401w\" sizes=\"auto, (max-width: 989px) 100vw, 989px\" \/><\/figure>\n\n\n\n<figure class=\"wp-block-image size-large\"><img loading=\"lazy\" decoding=\"async\" width=\"1001\" height=\"614\" data-id=\"259\" src=\"https:\/\/hermanasfranciscanasdelasagradafamilia.com\/wp-content\/uploads\/2023\/10\/11.png\" alt=\"\" class=\"wp-image-259\" srcset=\"https:\/\/hermanasfranciscanasdelasagradafamilia.com\/wp-content\/uploads\/2023\/10\/11.png 1001w, https:\/\/hermanasfranciscanasdelasagradafamilia.com\/wp-content\/uploads\/2023\/10\/11-300x184.png 300w, https:\/\/hermanasfranciscanasdelasagradafamilia.com\/wp-content\/uploads\/2023\/10\/11-768x471.png 768w, https:\/\/hermanasfranciscanasdelasagradafamilia.com\/wp-content\/uploads\/2023\/10\/11-489x300.png 489w\" sizes=\"auto, (max-width: 1001px) 100vw, 1001px\" \/><\/figure>\n\n\n\n<figure class=\"wp-block-image size-large\"><img loading=\"lazy\" decoding=\"async\" width=\"1024\" height=\"577\" data-id=\"260\" src=\"https:\/\/hermanasfranciscanasdelasagradafamilia.com\/wp-content\/uploads\/2023\/10\/12-1024x577.png\" alt=\"\" class=\"wp-image-260\" srcset=\"https:\/\/hermanasfranciscanasdelasagradafamilia.com\/wp-content\/uploads\/2023\/10\/12-1024x577.png 1024w, https:\/\/hermanasfranciscanasdelasagradafamilia.com\/wp-content\/uploads\/2023\/10\/12-300x169.png 300w, https:\/\/hermanasfranciscanasdelasagradafamilia.com\/wp-content\/uploads\/2023\/10\/12-768x433.png 768w, https:\/\/hermanasfranciscanasdelasagradafamilia.com\/wp-content\/uploads\/2023\/10\/12-532x300.png 532w, https:\/\/hermanasfranciscanasdelasagradafamilia.com\/wp-content\/uploads\/2023\/10\/12.png 1054w\" sizes=\"auto, (max-width: 1024px) 100vw, 1024px\" \/><\/figure>\n<\/figure>\n<\/div><\/div>\n<\/div>\n<\/div>\n\n\n\n<p class=\"has-large-font-size\"><strong>Promoci\u00f3n humana<\/strong><\/p>\n\n\n\n<div class=\"wp-block-media-text is-stacked-on-mobile\" style=\"grid-template-columns:33% auto\"><figure class=\"wp-block-media-text__media\"><img loading=\"lazy\" decoding=\"async\" width=\"637\" height=\"635\" src=\"https:\/\/hermanasfranciscanasdelasagradafamilia.com\/wp-content\/uploads\/2023\/10\/5.png\" alt=\"\" class=\"wp-image-261 size-full\" srcset=\"https:\/\/hermanasfranciscanasdelasagradafamilia.com\/wp-content\/uploads\/2023\/10\/5.png 637w, https:\/\/hermanasfranciscanasdelasagradafamilia.com\/wp-content\/uploads\/2023\/10\/5-300x300.png 300w, https:\/\/hermanasfranciscanasdelasagradafamilia.com\/wp-content\/uploads\/2023\/10\/5-150x150.png 150w, https:\/\/hermanasfranciscanasdelasagradafamilia.com\/wp-content\/uploads\/2023\/10\/5-301x300.png 301w\" sizes=\"auto, (max-width: 637px) 100vw, 637px\" \/><\/figure><div class=\"wp-block-media-text__content\">\n<p class=\"has-large-font-size\">En medio de las diversas realidades que vive la sociedad, estamos invitadas por el evangelio a \u201cproclamar la buena nueva a los pobres, a sanar los corazones quebrantados\u2026 porque \u201ccuando lo hicieron con uno de estos mis hermanos m\u00e1s peque\u00f1os lo hicieron con migo\u201d<\/p>\n<\/div><\/div>\n\n\n\n<p class=\"has-text-align-center has-large-font-size\"><strong>Educaci\u00f3n<\/strong><\/p>\n\n\n\n<div class=\"wp-block-media-text has-media-on-the-right is-stacked-on-mobile\"><div class=\"wp-block-media-text__content\">\n<p class=\"has-large-font-size\">\u201cLa obra del educador tiene un valor eterno; Dios recompensar\u00e1 a aquellos que se fatigan para conducir hasta El sus criaturas\u201d (Autob. P\u00e1g. 30)<\/p>\n<\/div><figure class=\"wp-block-media-text__media\"><img loading=\"lazy\" decoding=\"async\" width=\"817\" height=\"582\" src=\"https:\/\/hermanasfranciscanasdelasagradafamilia.com\/wp-content\/uploads\/2023\/10\/6.png\" alt=\"\" class=\"wp-image-262 size-full\" srcset=\"https:\/\/hermanasfranciscanasdelasagradafamilia.com\/wp-content\/uploads\/2023\/10\/6.png 817w, https:\/\/hermanasfranciscanasdelasagradafamilia.com\/wp-content\/uploads\/2023\/10\/6-300x214.png 300w, https:\/\/hermanasfranciscanasdelasagradafamilia.com\/wp-content\/uploads\/2023\/10\/6-768x547.png 768w, https:\/\/hermanasfranciscanasdelasagradafamilia.com\/wp-content\/uploads\/2023\/10\/6-421x300.png 421w\" sizes=\"auto, (max-width: 817px) 100vw, 817px\" \/><\/figure><\/div>\n\n\n\n<p class=\"has-text-align-center has-large-font-size\"><strong>Acompa\u00f1amiento a las familias<\/strong>, <strong>misiones<\/strong>, <strong>pastoral juvenil y catequ\u00e9tica <\/strong><\/p>\n\n\n\n<p class=\"has-text-align-center has-large-font-size\">\u201cNo hay pretextos, ni razones para despreocuparnos por algunas de tus criaturas, ya que &nbsp;t\u00fa las has creado a todas y por todas, con infinito amor, has entregado tu preciosa vida\u201d. (Madre Teresa Lega)<\/p>\n\n\n\n<figure class=\"wp-block-gallery has-nested-images columns-default is-cropped wp-block-gallery-3 is-layout-flex wp-block-gallery-is-layout-flex\">\n<figure class=\"wp-block-image size-large is-style-default\"><img loading=\"lazy\" decoding=\"async\" width=\"881\" height=\"495\" data-id=\"264\" src=\"https:\/\/hermanasfranciscanasdelasagradafamilia.com\/wp-content\/uploads\/2023\/10\/13.png\" alt=\"\" class=\"wp-image-264\" srcset=\"https:\/\/hermanasfranciscanasdelasagradafamilia.com\/wp-content\/uploads\/2023\/10\/13.png 881w, https:\/\/hermanasfranciscanasdelasagradafamilia.com\/wp-content\/uploads\/2023\/10\/13-300x169.png 300w, https:\/\/hermanasfranciscanasdelasagradafamilia.com\/wp-content\/uploads\/2023\/10\/13-768x432.png 768w, https:\/\/hermanasfranciscanasdelasagradafamilia.com\/wp-content\/uploads\/2023\/10\/13-534x300.png 534w\" sizes=\"auto, (max-width: 881px) 100vw, 881px\" \/><\/figure>\n\n\n\n<figure class=\"wp-block-image size-large\"><img loading=\"lazy\" decoding=\"async\" width=\"910\" height=\"686\" data-id=\"266\" src=\"https:\/\/hermanasfranciscanasdelasagradafamilia.com\/wp-content\/uploads\/2023\/10\/14.png\" alt=\"\" class=\"wp-image-266\" srcset=\"https:\/\/hermanasfranciscanasdelasagradafamilia.com\/wp-content\/uploads\/2023\/10\/14.png 910w, https:\/\/hermanasfranciscanasdelasagradafamilia.com\/wp-content\/uploads\/2023\/10\/14-300x226.png 300w, https:\/\/hermanasfranciscanasdelasagradafamilia.com\/wp-content\/uploads\/2023\/10\/14-768x579.png 768w, https:\/\/hermanasfranciscanasdelasagradafamilia.com\/wp-content\/uploads\/2023\/10\/14-398x300.png 398w\" sizes=\"auto, (max-width: 910px) 100vw, 910px\" \/><\/figure>\n\n\n\n<figure class=\"wp-block-image size-large\"><img loading=\"lazy\" decoding=\"async\" width=\"943\" height=\"707\" data-id=\"265\" src=\"https:\/\/hermanasfranciscanasdelasagradafamilia.com\/wp-content\/uploads\/2023\/10\/15.png\" alt=\"\" class=\"wp-image-265\" srcset=\"https:\/\/hermanasfranciscanasdelasagradafamilia.com\/wp-content\/uploads\/2023\/10\/15.png 943w, https:\/\/hermanasfranciscanasdelasagradafamilia.com\/wp-content\/uploads\/2023\/10\/15-300x225.png 300w, https:\/\/hermanasfranciscanasdelasagradafamilia.com\/wp-content\/uploads\/2023\/10\/15-768x576.png 768w, https:\/\/hermanasfranciscanasdelasagradafamilia.com\/wp-content\/uploads\/2023\/10\/15-400x300.png 400w\" sizes=\"auto, (max-width: 943px) 100vw, 943px\" \/><\/figure>\n<\/figure>\n","protected":false},"excerpt":{"rendered":"<p><span class=\"excerpt-fade\"><\/span><\/p>\n","protected":false},"author":1,"featured_media":329,"parent":0,"menu_order":1,"comment_status":"closed","ping_status":"closed","template":"","meta":{"footnotes":""},"class_list":["post-213","page","type-page","status-publish","has-post-thumbnail","hentry"],"_links":{"self":[{"href":"https:\/\/hermanasfranciscanasdelasagradafamilia.com\/index.php\/wp-json\/wp\/v2\/pages\/213","targetHints":{"allow":["GET"]}}],"collection":[{"href":"https:\/\/hermanasfranciscanasdelasagradafamilia.com\/index.php\/wp-json\/wp\/v2\/pages"}],"about":[{"href":"https:\/\/hermanasfranciscanasdelasagradafamilia.com\/index.php\/wp-json\/wp\/v2\/types\/page"}],"author":[{"embeddable":true,"href":"https:\/\/hermanasfranciscanasdelasagradafamilia.com\/index.php\/wp-json\/wp\/v2\/users\/1"}],"replies":[{"embeddable":true,"href":"https:\/\/hermanasfranciscanasdelasagradafamilia.com\/index.php\/wp-json\/wp\/v2\/comments?post=213"}],"version-history":[{"count":15,"href":"https:\/\/hermanasfranciscanasdelasagradafamilia.com\/index.php\/wp-json\/wp\/v2\/pages\/213\/revisions"}],"predecessor-version":[{"id":465,"href":"https:\/\/hermanasfranciscanasdelasagradafamilia.com\/index.php\/wp-json\/wp\/v2\/pages\/213\/revisions\/465"}],"wp:featuredmedia":[{"embeddable":true,"href":"https:\/\/hermanasfranciscanasdelasagradafamilia.com\/index.php\/wp-json\/wp\/v2\/media\/329"}],"wp:attachment":[{"href":"https:\/\/hermanasfranciscanasdelasagradafamilia.com\/index.php\/wp-json\/wp\/v2\/media?parent=213"}],"curies":[{"name":"wp","href":"https:\/\/api.w.org\/{rel}","templated":true}]}}