{"id":29,"date":"2022-10-21T07:56:52","date_gmt":"2022-10-21T12:56:52","guid":{"rendered":"https:\/\/hermanasfranciscanasdelasagradafamilia.com\/?page_id=29"},"modified":"2023-12-26T15:31:37","modified_gmt":"2023-12-26T20:31:37","slug":"quienes-somos","status":"publish","type":"page","link":"https:\/\/hermanasfranciscanasdelasagradafamilia.com\/index.php\/quienes-somos\/","title":{"rendered":"\u00bfQui\u00e9nes somos?"},"content":{"rendered":"\n<div class=\"wp-block-group\"><div class=\"wp-block-group__inner-container is-layout-constrained wp-block-group-is-layout-constrained\">\n<pre class=\"wp-block-preformatted has-sitebg-color has-text-color\"><\/pre>\n<\/div><\/div>\n\n\n\n<h2 class=\"wp-block-heading has-pale-ocean-gradient-background has-background has-large-font-size\" style=\"font-style:italic;font-weight:500\">Hermanas Franciscanas de la sagrada familia<\/h2>\n\n\n<div class=\"wp-block-image\">\n<figure class=\"alignright size-large is-resized\"><img loading=\"lazy\" decoding=\"async\" width=\"1024\" height=\"768\" src=\"https:\/\/hermanasfranciscanasdelasagradafamilia.com\/wp-content\/uploads\/2023\/12\/IMG-20230113-WA0078-1024x768.jpg\" alt=\"\" class=\"wp-image-352\" style=\"width:538px;height:auto\" srcset=\"https:\/\/hermanasfranciscanasdelasagradafamilia.com\/wp-content\/uploads\/2023\/12\/IMG-20230113-WA0078-1024x768.jpg 1024w, https:\/\/hermanasfranciscanasdelasagradafamilia.com\/wp-content\/uploads\/2023\/12\/IMG-20230113-WA0078-300x225.jpg 300w, https:\/\/hermanasfranciscanasdelasagradafamilia.com\/wp-content\/uploads\/2023\/12\/IMG-20230113-WA0078-768x576.jpg 768w, https:\/\/hermanasfranciscanasdelasagradafamilia.com\/wp-content\/uploads\/2023\/12\/IMG-20230113-WA0078-1536x1152.jpg 1536w, https:\/\/hermanasfranciscanasdelasagradafamilia.com\/wp-content\/uploads\/2023\/12\/IMG-20230113-WA0078-400x300.jpg 400w, https:\/\/hermanasfranciscanasdelasagradafamilia.com\/wp-content\/uploads\/2023\/12\/IMG-20230113-WA0078.jpg 1600w\" sizes=\"auto, (max-width: 1024px) 100vw, 1024px\" \/><\/figure>\n<\/div>\n\n\n<p class=\"has-text-align-justify\">La fraternidad religiosa de las Hermanas de la Sagrada Familia contin\u00faa en la Iglesia la vida de pobreza, castidad y obediencia trazada y seguida por Sor Mar\u00eda Teresa Lega en el surco de la tradici\u00f3n franciscana.\u00a0En la contemplaci\u00f3n y adoraci\u00f3n de Jes\u00fas Crucificado, cada hermana, llamada a esta vida por el Se\u00f1or, participa en el don de la vida que Cristo hizo de s\u00ed mismo por amor a cada creatura y se siente impulsada a colaborar con la oraci\u00f3n, con los ejemplos de una vida totalmente donada a Dios, con la formaci\u00f3n cristiana, en la educaci\u00f3n de la juventud, especialmente la m\u00e1s pobre y abandonada en s\u00ed misma, en las diferentes situaciones de pobreza, tanto material como espiritual, en la cual vive.\u00a0\u00a0\u00a0Inspir\u00e1ndose en el estilo de la Sagrada Familia de Nazaret, en cada fraternidad se busca un clima de paz, pobreza, simplicidad, escondimiento, concordia y el amor mutuo. Presentes en Italia, en Am\u00e9rica Latina (Colombia) y en \u00c1frica (Mozambique), las hermanas de la Sagrada Familia se empe\u00f1an actualmente en servicios educativos\u00a0 &#8211; asistenciales: escuelas maternas, catequesis en las parroquias, adopci\u00f3n a distancia para el estudio y actividades de apoyo escolar para buscar alimentar, desde la infancia la conciencia y el conocimiento del valor de la dignidad de la persona hecha a imagen y semejanza de Dios. <\/p>\n\n\n\n<p class=\"has-text-align-justify\">Adem\u00e1s se empe\u00f1an en actividades de pastoral juvenil y est\u00e1n presentes cerca a los adolescentes con familias en dificultad y ni\u00f1os rechazados desde el nacimiento. Buscan ser en la Iglesia y en el mundo\u00a0 personas consagradas que, como San Juan el Evangelista, pueden gritar:<\/p>\n\n\n\n<p><em>\u201cLo que hemos o\u00eddo, lo que hemos visto con nuestros ojos, lo que contemplamos y tocaron nuestras manos acerca de la Palabra de la vida&#8230; os lo anunciamos, para que tambi\u00e9n vosotros est\u00e9is en comuni\u00f3n con nosotros. Nuestra comuni\u00f3n es con el Padre y con su Hijo Jesucristo. Os escribimos estas cosas para que nuestro gozo sea pleno\u201d (Cf 1 Jn 1,1 ss).<\/em><\/p>\n","protected":false},"excerpt":{"rendered":"<p><span class=\"excerpt-fade\"><\/span><\/p>\n","protected":false},"author":1,"featured_media":350,"parent":0,"menu_order":0,"comment_status":"closed","ping_status":"closed","template":"","meta":{"footnotes":""},"class_list":["post-29","page","type-page","status-publish","has-post-thumbnail","hentry"],"_links":{"self":[{"href":"https:\/\/hermanasfranciscanasdelasagradafamilia.com\/index.php\/wp-json\/wp\/v2\/pages\/29","targetHints":{"allow":["GET"]}}],"collection":[{"href":"https:\/\/hermanasfranciscanasdelasagradafamilia.com\/index.php\/wp-json\/wp\/v2\/pages"}],"about":[{"href":"https:\/\/hermanasfranciscanasdelasagradafamilia.com\/index.php\/wp-json\/wp\/v2\/types\/page"}],"author":[{"embeddable":true,"href":"https:\/\/hermanasfranciscanasdelasagradafamilia.com\/index.php\/wp-json\/wp\/v2\/users\/1"}],"replies":[{"embeddable":true,"href":"https:\/\/hermanasfranciscanasdelasagradafamilia.com\/index.php\/wp-json\/wp\/v2\/comments?post=29"}],"version-history":[{"count":22,"href":"https:\/\/hermanasfranciscanasdelasagradafamilia.com\/index.php\/wp-json\/wp\/v2\/pages\/29\/revisions"}],"predecessor-version":[{"id":359,"href":"https:\/\/hermanasfranciscanasdelasagradafamilia.com\/index.php\/wp-json\/wp\/v2\/pages\/29\/revisions\/359"}],"wp:featuredmedia":[{"embeddable":true,"href":"https:\/\/hermanasfranciscanasdelasagradafamilia.com\/index.php\/wp-json\/wp\/v2\/media\/350"}],"wp:attachment":[{"href":"https:\/\/hermanasfranciscanasdelasagradafamilia.com\/index.php\/wp-json\/wp\/v2\/media?parent=29"}],"curies":[{"name":"wp","href":"https:\/\/api.w.org\/{rel}","templated":true}]}}