{"id":382,"date":"2024-02-08T12:56:17","date_gmt":"2024-02-08T17:56:17","guid":{"rendered":"https:\/\/hermanasfranciscanasdelasagradafamilia.com\/?page_id=382"},"modified":"2025-04-14T14:10:25","modified_gmt":"2025-04-14T19:10:25","slug":"noticias","status":"publish","type":"page","link":"https:\/\/hermanasfranciscanasdelasagradafamilia.com\/index.php\/noticias\/","title":{"rendered":"Noticias"},"content":{"rendered":"\n<h2 class=\"wp-block-heading has-text-align-center has-text-color has-background has-link-color has-normal-font-size wp-elements-de8e3a39798a55b7e9cb5efddbe543c1\" style=\"color:#5a5050;background:linear-gradient(135deg,rgb(244,233,233) 0%,rgb(152,150,240) 100%)\"><strong><mark style=\"background-color:rgba(0, 0, 0, 0)\" class=\"has-inline-color has-headings-color\">CUMPLEA\u00d1OS FELIZ!!!! N\u00daMERO 20 DE EL PEL\u00cdCANO<\/mark><\/strong><\/h2>\n\n\n\n<div class=\"wp-block-media-text is-stacked-on-mobile is-vertically-aligned-center\" style=\"grid-template-columns:29% auto\"><figure class=\"wp-block-media-text__media\"><img loading=\"lazy\" decoding=\"async\" width=\"576\" height=\"1024\" src=\"https:\/\/hermanasfranciscanasdelasagradafamilia.com\/wp-content\/uploads\/2025\/04\/cumpleanos-el-pelicano-576x1024.jpg\" alt=\"\" class=\"wp-image-624 size-full\" srcset=\"https:\/\/hermanasfranciscanasdelasagradafamilia.com\/wp-content\/uploads\/2025\/04\/cumpleanos-el-pelicano-576x1024.jpg 576w, https:\/\/hermanasfranciscanasdelasagradafamilia.com\/wp-content\/uploads\/2025\/04\/cumpleanos-el-pelicano-169x300.jpg 169w, https:\/\/hermanasfranciscanasdelasagradafamilia.com\/wp-content\/uploads\/2025\/04\/cumpleanos-el-pelicano-768x1365.jpg 768w, https:\/\/hermanasfranciscanasdelasagradafamilia.com\/wp-content\/uploads\/2025\/04\/cumpleanos-el-pelicano-864x1536.jpg 864w, https:\/\/hermanasfranciscanasdelasagradafamilia.com\/wp-content\/uploads\/2025\/04\/cumpleanos-el-pelicano.jpg 1080w\" sizes=\"auto, (max-width: 576px) 100vw, 576px\" \/><\/figure><div class=\"wp-block-media-text__content\">\n<div class=\"wp-block-group is-vertical is-layout-flex wp-container-core-group-is-layout-8cf370e7 wp-block-group-is-layout-flex\">\n<p>Feliz cumplea\u00f1os &#8220;Asociaci\u00f3n el Pellicano&#8221;!!!!<img loading=\"lazy\" decoding=\"async\" height=\"16\" width=\"16\" src=\"https:\/\/static.xx.fbcdn.net\/images\/emoji.php\/v9\/t6d\/1\/16\/1f973.png\" alt=\"\ud83e\udd73\"><img loading=\"lazy\" decoding=\"async\" height=\"16\" width=\"16\" src=\"https:\/\/static.xx.fbcdn.net\/images\/emoji.php\/v9\/t58\/1\/16\/1f929.png\" alt=\"\ud83e\udd29\"><img loading=\"lazy\" decoding=\"async\" height=\"16\" width=\"16\" src=\"https:\/\/static.xx.fbcdn.net\/images\/emoji.php\/v9\/t69\/1\/16\/1f331.png\" alt=\"\ud83c\udf31\"><\/p>\n\n\n\n<p>Estamos agradecidas por estos 20 a\u00f1os de belleza, acogida, servicio, colores incluso un poco de subida. Hemos experimentado que es m\u00e1s bellos juntos&#8230; junto a tantas personas que desean compartir el bien!<img loading=\"lazy\" decoding=\"async\" height=\"16\" width=\"16\" src=\"https:\/\/static.xx.fbcdn.net\/images\/emoji.php\/v9\/t89\/1\/16\/1f463.png\" alt=\"\ud83d\udc63\"> <img loading=\"lazy\" decoding=\"async\" height=\"16\" width=\"16\" src=\"https:\/\/static.xx.fbcdn.net\/images\/emoji.php\/v9\/t13\/1\/16\/1f308.png\" alt=\"\ud83c\udf08\"><\/p>\n\n\n\n<p>La asociaci\u00f3n &#8220;El Pellicano&#8221; es una obra que las <a href=\"https:\/\/www.facebook.com\/profile.php?id=100067191801907&amp;__cft__%5b0%5d=AZUouu5OduyaFDXx1yX8OsrKV__nmR-baNfdOM4gECvW6fJiJQ691JFgnMXl4lOxWFhsUUuta6bo9CSTEQ1HQJYUio3m86AAQQSsr8_J-KYK6_9TWrJL9zjoQPZLeLVqXFNrBcpIlhi6MPWArsyBRuQMUJbKyDxLmf36SGgovqBydA&amp;__tn__=-%5dK-R\">Hermanas Franciscanas de la Sagrada Familia<\/a> llevamos a cabo en Italia en donde se acoge a todos sin distinci\u00f3n, los m\u00e1s favorecidos los ni\u00f1os y adolescentes, pero tambi\u00e9n sus familias, que reciben este hermoso apoyo para el acompa\u00f1amiento de los ni\u00f1os y adolescentes en sus actividades diarias.<\/p>\n\n\n\n<p>Adem\u00e1s que muchos se unen para apoyar este proyecto que el 11 de Abril ha cumplido 20 a\u00f1os de presencia en Cesena-Italia. Gracias a todos los que de una forma u otra se han unido y oramos tambi\u00e9n por quienes sirven de lleno all\u00ed, las hermanas de la Sagrada Familia que viven en Cesena y los laicos comprometidos de nuestra comunidad que hacen parte activa de nuestra familia religiosa. La fiesta se prolonga por esta gran obra.<\/p>\n<\/div>\n<\/div><\/div>\n\n\n\n<h2 class=\"wp-block-heading has-text-align-center has-text-color has-background has-link-color has-normal-font-size wp-elements-7062605f45963b7ae00e6fa491246543\" style=\"color:#5a5050;background:linear-gradient(135deg,rgb(244,233,233) 0%,rgb(152,150,240) 100%)\"><mark style=\"background-color:rgba(0, 0, 0, 0)\" class=\"has-inline-color has-headings-color\">CUARESMA <\/mark><\/h2>\n\n\n\n<div class=\"wp-block-media-text has-media-on-the-right is-stacked-on-mobile is-vertically-aligned-center\" style=\"grid-template-columns:auto 24%\"><div class=\"wp-block-media-text__content\">\n<p>En este d\u00eda Mi\u00e9rcoles 5 de marzo, la Iglesia nos invita a vivir el tiempo especial de Cuaresma, caminando en el a\u00f1o jubilar de la esperanza, como &#8220;peregrinos de esperanza, aceptemos esta invitaci\u00f3n que por medio de nuestro santo Padre Francisco, el Se\u00f1or y la iglesia nos hacen para vivir un tiempo de conversi\u00f3n en caminar como peregrinos, juntos como iglesia sinodal, hacia la esperanza que no defrauda.<br>Deseamos para cada uno un hermoso tiempo de camino con Jes\u00fas a trav\u00e9s del desierto donde llamados a ser luz para los dem\u00e1s podemos vivir el tiempo de la conversi\u00f3n para llegar a la Santidad.<br>Compartimos en mensaje del Papa Francisco para este tiempo de Cuaresma, que lo podamos tener como un instrumento de gracia y de apoyo para aprovechar la oportunidad de nuestro a\u00f1o jubilar y acercarnos a la misericordia de Dios.<br>Buen camino de cuaresma, hacia la Pascua de nuestro Se\u00f1or Jesucristo.<strong><br><a href=\"https:\/\/l.facebook.com\/l.php?u=https%3A%2F%2Fpress.vatican.va%2Fcontent%2Fsalastampa%2Fes%2Fbollettino%2Fpubblico%2F2025%2F02%2F25%2F240225a.html%3Ffbclid%3DIwZXh0bgNhZW0CMTAAAR1oT-6V9A1tjaZypxOYGrfchbxVg4Vie4fBQH33AJjyb8WihNGKS0PHg6Y_aem_AlPCgcHJ4Evi1T6BE4ERLw&amp;h=AT3Az9AHyGIPQS1mZnsjXBQio2qdE4c-PPTpOiYbk7MUlse62baax2Kpv-Jgjui43fZYfn_xcOYQaGw5EwY0p2XQHDbjMACRv0GnTuxQvy6a3bcICCGeONTXVipCNdA8WKMU&amp;__tn__=-UK-R&amp;c[0]=AT0yNrJkqY-IP7CLiaRf-16g9p_Alqn8q1cdnjzT_GzP9PekDN-FzkvlUx0DRci1Pqxf2CogOlAnArofQyNTAs4kTNE9QAGRt-HQgCfg18yHdLiK7lIN7XdEz_RA7meqL1Z2W4bbxw-c9CQw7FVr1y3_0A\" target=\"_blank\" rel=\"noreferrer noopener\">https:\/\/press.vatican.va\/&#8230;\/pubb&#8230;\/2025\/02\/25\/240225a.html<\/a><\/strong><\/p>\n<\/div><figure class=\"wp-block-media-text__media\"><img loading=\"lazy\" decoding=\"async\" width=\"201\" height=\"251\" src=\"https:\/\/hermanasfranciscanasdelasagradafamilia.com\/wp-content\/uploads\/2025\/03\/cuaresma-2025-1.jpg\" alt=\"\" class=\"wp-image-587 size-full\"\/><\/figure><\/div>\n\n\n\n<p><\/p>\n\n\n\n<h2 class=\"wp-block-heading has-text-color has-background has-link-color has-normal-font-size wp-elements-733ecf9eb4b332e3464b33b4b99c6f1d\" style=\"color:#5a5050;background:linear-gradient(135deg,rgb(244,233,233) 0%,rgb(152,150,240) 100%)\"><strong><mark style=\"background-color:rgba(0, 0, 0, 0)\" class=\"has-inline-color has-headings-color\">Celebraci\u00f3n de los 25 a\u00f1os de vida consagrada de nuestra hermana Elizabeth<\/mark><\/strong><\/h2>\n\n\n\n<div class=\"wp-block-group\"><div class=\"wp-block-group__inner-container is-layout-constrained wp-block-group-is-layout-constrained\">\n<div class=\"wp-block-columns are-vertically-aligned-center is-layout-flex wp-container-core-columns-is-layout-9d6595d7 wp-block-columns-is-layout-flex\">\n<div class=\"wp-block-column is-vertically-aligned-center is-layout-flow wp-block-column-is-layout-flow\">\n<figure class=\"wp-block-image size-large\"><img loading=\"lazy\" decoding=\"async\" width=\"1024\" height=\"525\" src=\"https:\/\/hermanasfranciscanasdelasagradafamilia.com\/wp-content\/uploads\/2024\/02\/Imagen2-1-1024x525.jpg\" alt=\"\" class=\"wp-image-395\" srcset=\"https:\/\/hermanasfranciscanasdelasagradafamilia.com\/wp-content\/uploads\/2024\/02\/Imagen2-1-1024x525.jpg 1024w, https:\/\/hermanasfranciscanasdelasagradafamilia.com\/wp-content\/uploads\/2024\/02\/Imagen2-1-300x154.jpg 300w, https:\/\/hermanasfranciscanasdelasagradafamilia.com\/wp-content\/uploads\/2024\/02\/Imagen2-1-768x394.jpg 768w, https:\/\/hermanasfranciscanasdelasagradafamilia.com\/wp-content\/uploads\/2024\/02\/Imagen2-1-585x300.jpg 585w, https:\/\/hermanasfranciscanasdelasagradafamilia.com\/wp-content\/uploads\/2024\/02\/Imagen2-1.jpg 1291w\" sizes=\"auto, (max-width: 1024px) 100vw, 1024px\" \/><\/figure>\n<\/div>\n\n\n\n<div class=\"wp-block-column is-vertically-aligned-center is-layout-flow wp-block-column-is-layout-flow\">\n<p><\/p>\n\n\n\n<p class=\"has-normal-font-size\">\u00abEl \u00a1Aqu\u00ed estoy!\u00bb, con toda su fuerza, se convierte en \u00ab\u00a1Aqu\u00ed estamos!\u00bb. No solo porque donde un cristiano dice \u00abyo\u00bb est\u00e1 diciendo \u00abnosotros\u00bb, sino porque el nosotros eclesial y de Vida Consagrada del momento que vivimos nos invita a ofrecernos y disponernos a buscar, procurar y hacer la voluntad divina como comunidad, dentro del pueblo de Dios en camino. <em>(Mensaje para la Jornada Mundial de la Vida Consagrada&nbsp;2024)<\/em><\/p>\n<\/div>\n<\/div>\n<\/div><\/div>\n\n\n\n<p><\/p>\n\n\n\n<div class=\"wp-block-group alignwide has-accent-1-color has-text-color has-link-color wp-elements-a03af0921f717b161264adeaa18e9802\"><div class=\"wp-block-group__inner-container is-layout-constrained wp-block-group-is-layout-constrained\">\n<div class=\"wp-block-group\"><div class=\"wp-block-group__inner-container is-layout-constrained wp-block-group-is-layout-constrained\">\n<div class=\"wp-block-columns is-layout-flex wp-container-core-columns-is-layout-9d6595d7 wp-block-columns-is-layout-flex\">\n<div class=\"wp-block-column is-layout-flow wp-block-column-is-layout-flow\">\n<p class=\"has-text-color has-background has-link-color wp-elements-1f620c288dce414b247b0a62a1bf444b\" style=\"color:#393535;background:linear-gradient(135deg,rgb(253,230,243) 0%,rgb(152,150,240) 100%)\"><strong>MISI\u00d3N NAVIDAD 2023<\/strong><\/p>\n<\/div>\n<\/div>\n<\/div><\/div>\n<\/div><\/div>\n\n\n<div class=\"wp-block-image\">\n<figure class=\"alignright size-large is-resized\"><img loading=\"lazy\" decoding=\"async\" width=\"1024\" height=\"553\" src=\"https:\/\/hermanasfranciscanasdelasagradafamilia.com\/wp-content\/uploads\/2024\/02\/Imagen1-2-1024x553.png\" alt=\"\" class=\"wp-image-396\" style=\"width:836px;height:auto\" srcset=\"https:\/\/hermanasfranciscanasdelasagradafamilia.com\/wp-content\/uploads\/2024\/02\/Imagen1-2-1024x553.png 1024w, https:\/\/hermanasfranciscanasdelasagradafamilia.com\/wp-content\/uploads\/2024\/02\/Imagen1-2-300x162.png 300w, https:\/\/hermanasfranciscanasdelasagradafamilia.com\/wp-content\/uploads\/2024\/02\/Imagen1-2-768x415.png 768w, https:\/\/hermanasfranciscanasdelasagradafamilia.com\/wp-content\/uploads\/2024\/02\/Imagen1-2-1536x829.png 1536w, https:\/\/hermanasfranciscanasdelasagradafamilia.com\/wp-content\/uploads\/2024\/02\/Imagen1-2-556x300.png 556w, https:\/\/hermanasfranciscanasdelasagradafamilia.com\/wp-content\/uploads\/2024\/02\/Imagen1-2.png 1847w\" sizes=\"auto, (max-width: 1024px) 100vw, 1024px\" \/><\/figure>\n<\/div>\n\n\n<p><\/p>\n\n\n\n<p><\/p>\n\n\n\n<p>&#8220;No podemos guardar para nosotros las palabras de vida eterna que hemos recibido en el encuentro con Jesucristo: son para todos. Toda persona de nuestro tiempo, lo sepa o no, necesita este anuncio. El Se\u00f1or mismo suscita entre los hombre nueva hambre y sed de las palabras del Se\u00f1or. Nos corresponde a nosotros la responsabilidad de transmitir lo que a su vez, hemos recibido por gracia&#8221; (Benedicto XVI)<\/p>\n\n\n\n<p class=\"has-text-color has-link-color wp-elements-6bc609be2cd25c452f481fc43f901dd0\" style=\"color:#3d3de5\">Gracias a todos aquellos j\u00f3venes y laicos que se unen a este bello anuncio, para que se haga visible el amor de Dios en medio nuestro.<\/p>\n\n\n\n<p><\/p>\n\n\n\n<p><\/p>\n\n\n\n<figure class=\"wp-block-gallery has-nested-images columns-default is-cropped wp-block-gallery-1 is-layout-flex wp-block-gallery-is-layout-flex\"><\/figure>\n\n\n\n<p><\/p>\n","protected":false},"excerpt":{"rendered":"<p><span class=\"excerpt-fade\"><\/span><\/p>\n","protected":false},"author":1,"featured_media":386,"parent":0,"menu_order":0,"comment_status":"closed","ping_status":"closed","template":"","meta":{"footnotes":""},"class_list":["post-382","page","type-page","status-publish","has-post-thumbnail","hentry"],"_links":{"self":[{"href":"https:\/\/hermanasfranciscanasdelasagradafamilia.com\/index.php\/wp-json\/wp\/v2\/pages\/382","targetHints":{"allow":["GET"]}}],"collection":[{"href":"https:\/\/hermanasfranciscanasdelasagradafamilia.com\/index.php\/wp-json\/wp\/v2\/pages"}],"about":[{"href":"https:\/\/hermanasfranciscanasdelasagradafamilia.com\/index.php\/wp-json\/wp\/v2\/types\/page"}],"author":[{"embeddable":true,"href":"https:\/\/hermanasfranciscanasdelasagradafamilia.com\/index.php\/wp-json\/wp\/v2\/users\/1"}],"replies":[{"embeddable":true,"href":"https:\/\/hermanasfranciscanasdelasagradafamilia.com\/index.php\/wp-json\/wp\/v2\/comments?post=382"}],"version-history":[{"count":36,"href":"https:\/\/hermanasfranciscanasdelasagradafamilia.com\/index.php\/wp-json\/wp\/v2\/pages\/382\/revisions"}],"predecessor-version":[{"id":664,"href":"https:\/\/hermanasfranciscanasdelasagradafamilia.com\/index.php\/wp-json\/wp\/v2\/pages\/382\/revisions\/664"}],"wp:featuredmedia":[{"embeddable":true,"href":"https:\/\/hermanasfranciscanasdelasagradafamilia.com\/index.php\/wp-json\/wp\/v2\/media\/386"}],"wp:attachment":[{"href":"https:\/\/hermanasfranciscanasdelasagradafamilia.com\/index.php\/wp-json\/wp\/v2\/media?parent=382"}],"curies":[{"name":"wp","href":"https:\/\/api.w.org\/{rel}","templated":true}]}}