{"id":41,"date":"2022-10-21T08:55:08","date_gmt":"2022-10-21T13:55:08","guid":{"rendered":"https:\/\/hermanasfranciscanasdelasagradafamilia.com\/?page_id=41"},"modified":"2024-02-17T10:47:31","modified_gmt":"2024-02-17T15:47:31","slug":"madre-maria-teresa-lega","status":"publish","type":"page","link":"https:\/\/hermanasfranciscanasdelasagradafamilia.com\/index.php\/madre-maria-teresa-lega\/","title":{"rendered":"Nuestra historia"},"content":{"rendered":"\n<p class=\"has-text-align-center has-pale-ocean-gradient-background has-background has-large-font-size\"><strong>N<\/strong>uestros inicios <\/p>\n\n\n<div class=\"wp-block-image\">\n<figure class=\"alignleft size-large is-resized\"><img loading=\"lazy\" decoding=\"async\" width=\"683\" height=\"1024\" src=\"https:\/\/hermanasfranciscanasdelasagradafamilia.com\/wp-content\/uploads\/2023\/03\/madre-Teresa-Lega1-683x1024.jpg\" alt=\"\" class=\"wp-image-94\" style=\"width:252px;height:378px\" srcset=\"https:\/\/hermanasfranciscanasdelasagradafamilia.com\/wp-content\/uploads\/2023\/03\/madre-Teresa-Lega1-683x1024.jpg 683w, https:\/\/hermanasfranciscanasdelasagradafamilia.com\/wp-content\/uploads\/2023\/03\/madre-Teresa-Lega1-200x300.jpg 200w, https:\/\/hermanasfranciscanasdelasagradafamilia.com\/wp-content\/uploads\/2023\/03\/madre-Teresa-Lega1-768x1152.jpg 768w, https:\/\/hermanasfranciscanasdelasagradafamilia.com\/wp-content\/uploads\/2023\/03\/madre-Teresa-Lega1-1024x1536.jpg 1024w, https:\/\/hermanasfranciscanasdelasagradafamilia.com\/wp-content\/uploads\/2023\/03\/madre-Teresa-Lega1-1365x2048.jpg 1365w, https:\/\/hermanasfranciscanasdelasagradafamilia.com\/wp-content\/uploads\/2023\/03\/madre-Teresa-Lega1.jpg 1600w\" sizes=\"auto, (max-width: 683px) 100vw, 683px\" \/><\/figure>\n<\/div>\n\n\n<p><\/p>\n\n\n\n<p>Sor Mar\u00eda Teresa Lega, Fundadora del Instituto \u201cLega\u201d de las hermanas Franciscanas de la Sagrada Familia nace en Brisighella (Ra) el 13 de Enero de 1812. Vive con su familia hasta el 20 de octubre de 1824 cuando por sus padres, para su instrucci\u00f3n y formaci\u00f3n es confiada a las Monjas del Colegio Emiliani de Fognano, all\u00ed permanece hasta los diecinueve a\u00f1os. Regresando a su familia siente m\u00e1s fuerte la voz del Se\u00f1or, que la llama&nbsp; a consagrarse e \u00c9l cerca&nbsp; las monjas de su colegio de Fognano. Encuentra muchas dificultades de toda clase y medida y debe luchar no poco para ser fiel a su prop\u00f3sito. Regresa a Fognano y el 27 de septiembre de 1835 emite en esta fraternidad la profesi\u00f3n religiosa con el nombre de Sor Mar\u00eda Teresa de la exaltaci\u00f3n de la Cruz.&nbsp;&nbsp;&nbsp;<\/p>\n\n\n\n<p><\/p>\n\n\n\n<p><\/p>\n\n\n<div class=\"wp-block-image\">\n<figure class=\"alignright size-full is-resized\"><img loading=\"lazy\" decoding=\"async\" width=\"275\" height=\"483\" src=\"https:\/\/hermanasfranciscanasdelasagradafamilia.com\/wp-content\/uploads\/2024\/02\/cristo-removebg-preview.png\" alt=\"\" class=\"wp-image-454\" style=\"aspect-ratio:0.6676136363636364;width:198px;height:auto\" srcset=\"https:\/\/hermanasfranciscanasdelasagradafamilia.com\/wp-content\/uploads\/2024\/02\/cristo-removebg-preview.png 275w, https:\/\/hermanasfranciscanasdelasagradafamilia.com\/wp-content\/uploads\/2024\/02\/cristo-removebg-preview-171x300.png 171w\" sizes=\"auto, (max-width: 275px) 100vw, 275px\" \/><\/figure>\n<\/div>\n\n\n<p>La contemplaci\u00f3n del amor de Cristo que, haci\u00e9ndose hombre, muere en la cruz por todas las creaturas, produce fruto: se abre para ella un horizonte m\u00e1s amplio en el Monasterio de Fognano. Recibe la inspiraci\u00f3n del Se\u00f1or para dar vida a una \u201cFundaci\u00f3n de un Instituto para las ni\u00f1as pobres que est\u00e1n en la calle abandonadas en s\u00ed mismas\u201d. Ora, lucha, sufre, busca consejo de hombres de Dios para comprender la voluntad de aquel Dios que&nbsp; la va purificando a trav\u00e9s de una larga historia de silencios y contradicciones. Finalmente el 6 de junio de 1871 Sor Mar\u00eda Teresa deja el monasterio y llega a Modigliana, donde Dios la ha llamado para dar inicio a la Obra: una peque\u00f1a familia donde las ni\u00f1as hu\u00e9rfanas m\u00e1s pobres, gracias a la comuni\u00f3n de bienes con los m\u00e1s ricos, pueden crecer humana y espiritualmente, aprendiendo tambi\u00e9n un oficio.<br>Muere en Cesena el 27 de Enero de 1890. El 25 de junio de 1996, el papa Juan Pablo II la declara venerable.<br>Los despojos mortales de sor Mar\u00eda Teresa se conservan en la capilla de la casa madre, en Modigliana, donde tambi\u00e9n se puede visitar un museo que, a trav\u00e9s de sus objetos, escritos y testimonios, narra la aventura terrena de una mujer verdaderamente contempla-activa.<\/p>\n\n\n\n<p><\/p>\n\n\n\n<p><\/p>\n\n\n<div class=\"wp-block-image\">\n<figure class=\"alignleft size-full\"><img loading=\"lazy\" decoding=\"async\" width=\"235\" height=\"299\" src=\"https:\/\/hermanasfranciscanasdelasagradafamilia.com\/wp-content\/uploads\/2023\/03\/image-2.png\" alt=\"\" class=\"wp-image-75\"\/><\/figure>\n<\/div>\n\n\n<p class=\"has-text-align-center has-pale-ocean-gradient-background has-background\"><strong>Su experiencia espiritual se puede reconducir alrededor de dos palabras: Redenci\u00f3n y educaci\u00f3n.<\/strong><\/p>\n\n\n\n<p class=\"has-text-align-center\"><\/p>\n\n\n\n<p><strong>Redenci\u00f3n: <\/strong>porque Sor Teresa ha acogido aqu\u00ed el don que Jes\u00fas nos ha hecho. Jes\u00fas nos ha salvado, ha venido a liberarnos de la esclavitud del pecado y de la muerte, hecho esto por amor. En la oraci\u00f3n y en la contemplaci\u00f3n del crucifijo la fundadora ha visto all\u00ed el \u00edcono m\u00e1s bello del amor: un amor que ha dado todo en la absoluta pobreza y despojo. El Se\u00f1or nos dona toda. Lo que nos lleva a descubrir, como ella ha descubierto, que cada uno de nosotros es una creatura hecha a imagen y semejanza de Dios, con un proyecto bell\u00edsimo para&nbsp; nuestra vida pero que tiene necesidad de ser llevado continuamente a esta imagen: somos redimidos, salvados, guiados en un camino para adquirir siempre m\u00e1s el esplendor que cada uno de nosotros es. <br><br><strong>Educaci\u00f3n:<\/strong> la redenci\u00f3n es un don que Dios hace a cada uno de nosotros, pero es un don que es siempre compartido.&nbsp;Para Sor Teresa Lega esto ha representado la dimensi\u00f3n del apostolado, es decir el preguntarse continuamente c\u00f3mo donar a los otros esta riqueza infinita.<em> <var>&#8220;Yo \u2013escrib\u00eda- soy hecha a imagen y semejanza de Dios y pido continuamente al Se\u00f1or me ayude a despojarme de mis vicios y de mis l\u00edmites para que esta imagen y esta semejanza resplandezca siempre m\u00e1s&#8221;<\/var>. Y a\u00f1ad\u00eda: &#8220;Toda creatura ha sido hecha a imagen y semejanza de Dios y no puedo no mirar a mi hermano con esta mirada renovada. C\u00f3mo puedo rechazar a las creaturas cuando T\u00fa Jes\u00fas has dado tu vida por cada una?<var> &#8220;.<\/var><\/em><\/p>\n\n\n\n<p><strong>Redenci\u00f3n y educaci\u00f3n son entonces dos palabras que expresan la \u00fanica gran realidad, del amor donado por Dios al hombre y donado por cada hombre que se sabe amado por Dios a los otros&nbsp; hombres, un amor redentor, que salva, es decir que libera.<\/strong><\/p>\n\n\n\n<p>El encuentro con esta persona nos puede ayudar a mirar el rostro que el Se\u00f1or pone sobre nosotros y nuestra mirada renovada al Se\u00f1or y a los otros.<\/p>\n\n\n\n<p><\/p>\n\n\n<div class=\"wp-block-image\">\n<figure class=\"alignright size-full is-resized\"><img loading=\"lazy\" decoding=\"async\" width=\"362\" height=\"272\" src=\"https:\/\/hermanasfranciscanasdelasagradafamilia.com\/wp-content\/uploads\/2023\/03\/image-3.png\" alt=\"\" class=\"wp-image-76\" style=\"width:330px;height:auto\" srcset=\"https:\/\/hermanasfranciscanasdelasagradafamilia.com\/wp-content\/uploads\/2023\/03\/image-3.png 362w, https:\/\/hermanasfranciscanasdelasagradafamilia.com\/wp-content\/uploads\/2023\/03\/image-3-300x225.png 300w\" sizes=\"auto, (max-width: 362px) 100vw, 362px\" \/><\/figure>\n<\/div>\n\n\n<p>La fraternidad religiosa de las Hermanas de la Sagrada Familia contin\u00faa en la Iglesia la vida de pobreza, castidad y obediencia trazada y seguida por Sor Mar\u00eda Teresa Lega en el surco de la tradici\u00f3n franciscana.&nbsp;&nbsp;&nbsp;&nbsp;&nbsp;&nbsp;&nbsp;&nbsp;&nbsp;<\/p>\n\n\n\n<p>En la contemplaci\u00f3n y adoraci\u00f3n de Jes\u00fas Crucificado, cada hermana, llamada a esta vida por el Se\u00f1or, participa en el don de la vida que Cristo hizo de s\u00ed mismo por amor a cada creatura y se siente impulsada a colaborar con la oraci\u00f3n, con los ejemplos de una vida totalmente donada a Dios, con la formaci\u00f3n cristiana, en la educaci\u00f3n de la juventud, especialmente la m\u00e1s pobre y abandonada en s\u00ed misma, en las diferentes situaciones de pobreza, tanto material como espiritual, en la cual vive.&nbsp;&nbsp;Inspir\u00e1ndose en el estilo de la Sagrada Familia de Nazaret, en cada fraternidad se busca un clima de paz, pobreza, simplicidad, escondimiento, concordia y el amor mutuo.&nbsp;&nbsp;<\/p>\n\n\n<div class=\"wp-block-image\">\n<figure class=\"alignleft size-full is-resized\"><img loading=\"lazy\" decoding=\"async\" width=\"1306\" height=\"1025\" src=\"https:\/\/hermanasfranciscanasdelasagradafamilia.com\/wp-content\/uploads\/2024\/02\/6-1.png\" alt=\"\" class=\"wp-image-461\" style=\"width:378px;height:auto\" srcset=\"https:\/\/hermanasfranciscanasdelasagradafamilia.com\/wp-content\/uploads\/2024\/02\/6-1.png 1306w, https:\/\/hermanasfranciscanasdelasagradafamilia.com\/wp-content\/uploads\/2024\/02\/6-1-300x235.png 300w, https:\/\/hermanasfranciscanasdelasagradafamilia.com\/wp-content\/uploads\/2024\/02\/6-1-1024x804.png 1024w, https:\/\/hermanasfranciscanasdelasagradafamilia.com\/wp-content\/uploads\/2024\/02\/6-1-768x603.png 768w, https:\/\/hermanasfranciscanasdelasagradafamilia.com\/wp-content\/uploads\/2024\/02\/6-1-382x300.png 382w\" sizes=\"auto, (max-width: 1306px) 100vw, 1306px\" \/><\/figure>\n<\/div>\n\n\n<p><\/p>\n\n\n\n<p>Presentes en Italia, en Am\u00e9rica Latina (Colombia) y en \u00c1frica (Mozambique), las hermanas de la Sagrada Familia se empe\u00f1an actualmente en servicios educativos&nbsp; &#8211; asistenciales: escuelas maternas, catequesis en las parroquias, adopci\u00f3n a distancia para el estudio y actividades de apoyo escolar para buscar alimentar, desde la infancia la conciencia y el conocimiento del valor de la dignidad de la persona hecha a imagen y semejanza de Dios.<\/p>\n\n\n\n<p>Adem\u00e1s se empe\u00f1an en actividades de pastoral juvenil y est\u00e1n presentes cerca a los adolescentes con familias en dificultad y ni\u00f1os rechazados desde el nacimiento.<\/p>\n\n\n\n<h2 class=\"wp-block-heading\"><\/h2>\n\n\n\n<p><\/p>\n\n\n\n<p><\/p>\n\n\n\n<p class=\"has-text-align-center has-pale-ocean-gradient-background has-background has-large-font-size\">Nuestra espiritualidad <\/p>\n\n\n\n<figure class=\"wp-block-image size-large is-resized\"><img loading=\"lazy\" decoding=\"async\" width=\"1024\" height=\"683\" src=\"https:\/\/hermanasfranciscanasdelasagradafamilia.com\/wp-content\/uploads\/2023\/03\/Sin-titulo-1-1024x683.jpg\" alt=\"\" class=\"wp-image-83\" style=\"width:935px;height:623px\" srcset=\"https:\/\/hermanasfranciscanasdelasagradafamilia.com\/wp-content\/uploads\/2023\/03\/Sin-titulo-1-1024x683.jpg 1024w, https:\/\/hermanasfranciscanasdelasagradafamilia.com\/wp-content\/uploads\/2023\/03\/Sin-titulo-1-300x200.jpg 300w, https:\/\/hermanasfranciscanasdelasagradafamilia.com\/wp-content\/uploads\/2023\/03\/Sin-titulo-1-768x512.jpg 768w, https:\/\/hermanasfranciscanasdelasagradafamilia.com\/wp-content\/uploads\/2023\/03\/Sin-titulo-1-1536x1024.jpg 1536w, https:\/\/hermanasfranciscanasdelasagradafamilia.com\/wp-content\/uploads\/2023\/03\/Sin-titulo-1-2048x1365.jpg 2048w, https:\/\/hermanasfranciscanasdelasagradafamilia.com\/wp-content\/uploads\/2023\/03\/Sin-titulo-1-421x281.jpg 421w\" sizes=\"auto, (max-width: 1024px) 100vw, 1024px\" \/><\/figure>\n\n\n\n<p><\/p>\n\n\n\n<p><\/p>\n\n\n\n<p class=\"has-text-align-center has-pale-ocean-gradient-background has-background has-large-font-size\"><strong>Icono de nuestra espiritualidad<\/strong><\/p>\n\n\n\n<h1 class=\"wp-block-heading\"><\/h1>\n\n\n<div class=\"wp-block-image\">\n<figure class=\"alignleft size-full is-resized\"><img loading=\"lazy\" decoding=\"async\" width=\"286\" height=\"507\" src=\"https:\/\/hermanasfranciscanasdelasagradafamilia.com\/wp-content\/uploads\/2023\/03\/image-8.png\" alt=\"\" class=\"wp-image-84\" style=\"width:192px;height:340px\" srcset=\"https:\/\/hermanasfranciscanasdelasagradafamilia.com\/wp-content\/uploads\/2023\/03\/image-8.png 286w, https:\/\/hermanasfranciscanasdelasagradafamilia.com\/wp-content\/uploads\/2023\/03\/image-8-169x300.png 169w\" sizes=\"auto, (max-width: 286px) 100vw, 286px\" \/><\/figure>\n<\/div>\n\n\n<p><\/p>\n\n\n\n<p><\/p>\n\n\n\n<p class=\"has-text-align-left\">El cuadro quiere exaltar la figura de la Madre Mar\u00eda Teresa Lega y&nbsp; su obra caritativa en Italia y Colombia (hoy tambi\u00e9n en Mozambique), su fuerza, la determinaci\u00f3n de su car\u00e1cter, su gran fe en Jes\u00fas que la impulsaba a encontrar en el amor hacia la juventud pobre y abandonada el sentido de su existencia, en la certeza que todo proviene de Dios y vuelve a \u00c9l a trav\u00e9s de la Cruz, en el seguimiento de Jes\u00fas.<\/p>\n\n\n\n<p><\/p>\n\n\n\n<p><\/p>\n\n\n<div class=\"wp-block-image\">\n<figure class=\"alignright size-full\"><img loading=\"lazy\" decoding=\"async\" width=\"241\" height=\"203\" src=\"https:\/\/hermanasfranciscanasdelasagradafamilia.com\/wp-content\/uploads\/2023\/03\/image-9.png\" alt=\"\" class=\"wp-image-85\"\/><\/figure>\n<\/div>\n\n\n<p><\/p>\n\n\n\n<p>Y Jes\u00fas aparece ni\u00f1o entre Mar\u00eda y Jos\u00e9 en la Sagrada Familia, modelo perfecto y signo del gran amor que se hace \u201ccamino\u201d sin l\u00edmite de espacio y tiempo.&nbsp;<br>Este es un poco el significado de mi trabajo. He usado pocos y esenciales elementos dispuestos en cl\u00e1sica simetr\u00eda para una lectura inmediata de la obra en lo m\u00e1s profundo de los conceptos.<\/p>\n\n\n\n<p><\/p>\n\n\n<div class=\"wp-block-image\">\n<figure class=\"alignleft size-full is-resized\"><img loading=\"lazy\" decoding=\"async\" width=\"235\" height=\"201\" src=\"https:\/\/hermanasfranciscanasdelasagradafamilia.com\/wp-content\/uploads\/2023\/03\/image-10.png\" alt=\"\" class=\"wp-image-86\" style=\"width:176px;height:151px\"\/><\/figure>\n<\/div>\n\n\n<p>Arriba el c\u00edrculo azul es el lugar y signo de Dios cuya luz, a trav\u00e9s de la cruz, aparece claro en muchas llamas, como un nuevo Pentecost\u00e9s, que uni\u00e9ndose en grandes corrientes forman unas turbinas que abrazan en diagonal todo el cuadro, concret\u00e1ndose en la parte baja, en un camino de luz en el mundo.&nbsp;<br>La figura de la Madre Teresa Lega, casi proyecci\u00f3n del s\u00edmbolo de la Cruz franciscana, se destaca luminosa&nbsp; en el centro, con su h\u00e1bito y el velo de un color gris casi blanco, como por una luz que emana del interior de la persona misma. Su camino hacia nosotros se rompe tan pronto como el h\u00e1bito y el velo en suaves pliegues.<\/p>\n\n\n<div class=\"wp-block-image\">\n<figure class=\"alignright size-full is-resized\"><img loading=\"lazy\" decoding=\"async\" width=\"179\" height=\"159\" src=\"https:\/\/hermanasfranciscanasdelasagradafamilia.com\/wp-content\/uploads\/2023\/03\/image-11.png\" alt=\"\" class=\"wp-image-87\" style=\"width:134px;height:119px\"\/><\/figure>\n<\/div>\n\n\n<p>He cuidado mucho el rostro, buscando dar sentido&nbsp; al asombro, la pureza y el amor de un alma siempre joven frente a los admirables dise\u00f1os de Dios y a la obra que \u00c9l realiza en aquellos a en \u00c9l se conf\u00edan.<\/p>\n\n\n\n<p><\/p>\n\n\n\n<h2 class=\"wp-block-heading\"><\/h2>\n\n\n\n<p><\/p>\n\n\n\n<p><\/p>\n\n\n<div class=\"wp-block-image\">\n<figure class=\"alignleft size-full is-resized\"><img loading=\"lazy\" decoding=\"async\" width=\"198\" height=\"538\" src=\"https:\/\/hermanasfranciscanasdelasagradafamilia.com\/wp-content\/uploads\/2023\/03\/image-12.png\" alt=\"\" class=\"wp-image-88\" style=\"width:149px;height:404px\" srcset=\"https:\/\/hermanasfranciscanasdelasagradafamilia.com\/wp-content\/uploads\/2023\/03\/image-12.png 198w, https:\/\/hermanasfranciscanasdelasagradafamilia.com\/wp-content\/uploads\/2023\/03\/image-12-110x300.png 110w\" sizes=\"auto, (max-width: 198px) 100vw, 198px\" \/><\/figure>\n<\/div>\n\n\n<p><\/p>\n\n\n<div class=\"wp-block-image\">\n<figure class=\"alignright size-full is-resized\"><img loading=\"lazy\" decoding=\"async\" width=\"234\" height=\"610\" src=\"https:\/\/hermanasfranciscanasdelasagradafamilia.com\/wp-content\/uploads\/2023\/03\/image-13.png\" alt=\"\" class=\"wp-image-89\" style=\"width:117px;height:305px\" srcset=\"https:\/\/hermanasfranciscanasdelasagradafamilia.com\/wp-content\/uploads\/2023\/03\/image-13.png 234w, https:\/\/hermanasfranciscanasdelasagradafamilia.com\/wp-content\/uploads\/2023\/03\/image-13-115x300.png 115w\" sizes=\"auto, (max-width: 234px) 100vw, 234px\" \/><\/figure>\n<\/div>\n\n\n<p>El gesto de los brazo, las manos abiertas, evocan en un simb\u00f3lico abrazo este amor evang\u00e9lico hacia los \u201cpeque\u00f1os\u201d en las tres hu\u00e9rfanas de Modigliana por una parte y en la otra una madre con sus dos hijos colombianos.&nbsp;<br>La Imagen de la Sagrada Familia y el globo son su soporte, en el constante llamado a todos a las palabras de Jes\u00fas: \u201cId y haced disc\u00edpulos a todas las gentes\u2026 yo estar\u00e9 con vosotros hasta el fin del mundo\u201d.&nbsp;<\/p>\n\n\n\n<p>El Pintor: Adelmo Calderoni&nbsp;<\/p>\n","protected":false},"excerpt":{"rendered":"<p><span class=\"excerpt-fade\"><\/span><\/p>\n","protected":false},"author":1,"featured_media":323,"parent":0,"menu_order":0,"comment_status":"closed","ping_status":"closed","template":"","meta":{"footnotes":""},"class_list":["post-41","page","type-page","status-publish","has-post-thumbnail","hentry"],"_links":{"self":[{"href":"https:\/\/hermanasfranciscanasdelasagradafamilia.com\/index.php\/wp-json\/wp\/v2\/pages\/41","targetHints":{"allow":["GET"]}}],"collection":[{"href":"https:\/\/hermanasfranciscanasdelasagradafamilia.com\/index.php\/wp-json\/wp\/v2\/pages"}],"about":[{"href":"https:\/\/hermanasfranciscanasdelasagradafamilia.com\/index.php\/wp-json\/wp\/v2\/types\/page"}],"author":[{"embeddable":true,"href":"https:\/\/hermanasfranciscanasdelasagradafamilia.com\/index.php\/wp-json\/wp\/v2\/users\/1"}],"replies":[{"embeddable":true,"href":"https:\/\/hermanasfranciscanasdelasagradafamilia.com\/index.php\/wp-json\/wp\/v2\/comments?post=41"}],"version-history":[{"count":37,"href":"https:\/\/hermanasfranciscanasdelasagradafamilia.com\/index.php\/wp-json\/wp\/v2\/pages\/41\/revisions"}],"predecessor-version":[{"id":2613,"href":"https:\/\/hermanasfranciscanasdelasagradafamilia.com\/index.php\/wp-json\/wp\/v2\/pages\/41\/revisions\/2613"}],"wp:featuredmedia":[{"embeddable":true,"href":"https:\/\/hermanasfranciscanasdelasagradafamilia.com\/index.php\/wp-json\/wp\/v2\/media\/323"}],"wp:attachment":[{"href":"https:\/\/hermanasfranciscanasdelasagradafamilia.com\/index.php\/wp-json\/wp\/v2\/media?parent=41"}],"curies":[{"name":"wp","href":"https:\/\/api.w.org\/{rel}","templated":true}]}}