{"id":65,"date":"2023-01-14T12:56:34","date_gmt":"2023-01-14T17:56:34","guid":{"rendered":"https:\/\/hermanasfranciscanasdelasagradafamilia.com\/?page_id=65"},"modified":"2025-09-09T21:51:22","modified_gmt":"2025-09-10T02:51:22","slug":"donde-estamos","status":"publish","type":"page","link":"https:\/\/hermanasfranciscanasdelasagradafamilia.com\/index.php\/donde-estamos\/","title":{"rendered":"Colombia"},"content":{"rendered":"\n<div class=\"wp-block-columns is-layout-flex wp-container-core-columns-is-layout-9d6595d7 wp-block-columns-is-layout-flex\">\n<div class=\"wp-block-column is-layout-flow wp-block-column-is-layout-flow\" style=\"flex-basis:66.66%\">\n<p>Nuestra presencia en Colombia se da partir de 1971, cuando la Di\u00f3cesis de Cartago \u2013 Valle nos abri\u00f3 las puertas para iniciar nuestra vida de misi\u00f3n en este bello Pa\u00eds. Y es Cartago la primera fraternidad que da comienzo a abrir puertas tambi\u00e9n aqu\u00ed en Nuestro Pa\u00eds. (Colombia).<\/p>\n\n\n\n<p>En Colombia en este momento de la historia tenemos 4 casas en las que contamos con diferentes formas de misi\u00f3n. CARTAGO, DUITAMA, BOGOT\u00c1, VILLAVICENCIO.<\/p>\n\n\n<div class=\"wp-block-image\">\n<figure class=\"aligncenter size-full is-resized\"><img loading=\"lazy\" decoding=\"async\" width=\"720\" height=\"321\" src=\"https:\/\/hermanasfranciscanasdelasagradafamilia.com\/wp-content\/uploads\/2024\/09\/Screenshot_20240708_082708_WhatsApp.jpg\" alt=\"\" class=\"wp-image-511\" style=\"width:590px;height:auto\" srcset=\"https:\/\/hermanasfranciscanasdelasagradafamilia.com\/wp-content\/uploads\/2024\/09\/Screenshot_20240708_082708_WhatsApp.jpg 720w, https:\/\/hermanasfranciscanasdelasagradafamilia.com\/wp-content\/uploads\/2024\/09\/Screenshot_20240708_082708_WhatsApp-300x134.jpg 300w, https:\/\/hermanasfranciscanasdelasagradafamilia.com\/wp-content\/uploads\/2024\/09\/Screenshot_20240708_082708_WhatsApp-673x300.jpg 673w\" sizes=\"auto, (max-width: 720px) 100vw, 720px\" \/><\/figure>\n<\/div><\/div>\n\n\n\n<div class=\"wp-block-column is-vertically-aligned-center is-layout-flow wp-block-column-is-layout-flow\" style=\"flex-basis:33.33%\">\n<figure class=\"wp-block-image size-large is-resized is-style-rounded\"><img loading=\"lazy\" decoding=\"async\" width=\"1024\" height=\"768\" src=\"https:\/\/hermanasfranciscanasdelasagradafamilia.com\/wp-content\/uploads\/2025\/09\/20240711_080303-1024x768.jpg\" alt=\"\" class=\"wp-image-686\" style=\"width:400px;height:auto\" srcset=\"https:\/\/hermanasfranciscanasdelasagradafamilia.com\/wp-content\/uploads\/2025\/09\/20240711_080303-1024x768.jpg 1024w, https:\/\/hermanasfranciscanasdelasagradafamilia.com\/wp-content\/uploads\/2025\/09\/20240711_080303-300x225.jpg 300w, https:\/\/hermanasfranciscanasdelasagradafamilia.com\/wp-content\/uploads\/2025\/09\/20240711_080303-768x576.jpg 768w, https:\/\/hermanasfranciscanasdelasagradafamilia.com\/wp-content\/uploads\/2025\/09\/20240711_080303-1536x1152.jpg 1536w, https:\/\/hermanasfranciscanasdelasagradafamilia.com\/wp-content\/uploads\/2025\/09\/20240711_080303-2048x1536.jpg 2048w, https:\/\/hermanasfranciscanasdelasagradafamilia.com\/wp-content\/uploads\/2025\/09\/20240711_080303-400x300.jpg 400w\" sizes=\"auto, (max-width: 1024px) 100vw, 1024px\" \/><\/figure>\n\n\n\n<div class=\"wp-block-columns is-layout-flex wp-container-core-columns-is-layout-9d6595d7 wp-block-columns-is-layout-flex\">\n<div class=\"wp-block-column is-layout-flow wp-block-column-is-layout-flow\"><\/div>\n\n\n\n<div class=\"wp-block-column is-layout-flow wp-block-column-is-layout-flow\"><\/div>\n<\/div>\n<\/div>\n<\/div>\n\n\n\n<p><strong>CARTAGO:<\/strong><\/p>\n\n\n\n<div class=\"wp-block-columns is-layout-flex wp-container-core-columns-is-layout-9d6595d7 wp-block-columns-is-layout-flex\">\n<div class=\"wp-block-column is-layout-flow wp-block-column-is-layout-flow\">\n<p>Llegamos a Cartago en diciembre de 1971, iniciando con las actividades parroquiales, como el acompa\u00f1amiento a catequistas y grupo juvenil, pero se convirti\u00f3 en la misi\u00f3n principal la educaci\u00f3n escolar. En el lugar en donde est\u00e1 nuestra casa, hay un hermoso colegio; JUAN XXIII en el que tratamos de llevar a cabo el Carisma de nuestra fundadora \u201cContemplar, Meditar y Revivir la Pasi\u00f3n de Jes\u00fas que desde la cruz redime al hombre\u201d; transmitido a la ni\u00f1ez y juventud especialmente la m\u00e1s pobre y abandonada en s\u00ed misma.<\/p>\n\n\n\n<p>El colegio cuenta con grados desde jard\u00edn hasta 11, las hermanas trabajan en compa\u00f1\u00eda de Docentes id\u00f3neos para cada asignatura, comprometidos con la formaci\u00f3n de los ni\u00f1os y j\u00f3venes y en el deseo de acompa\u00f1ar a las familias. Nuestro inter\u00e9s primordial es formar espiritualmente a cada ni\u00f1o, joven y sus familias; es por esto que el colegio cuenta con un fuerte proceso de FORMACI\u00d3N ESPIRITUAL, en el que est\u00e1n incluidos todos los que hacen parte de nuestra instituci\u00f3n educativa. <\/p>\n\n\n\n<p>Nuestra familia religiosa en Colombia cuenta la ayuda PLAN PADRINO, adopci\u00f3n a distancia, de familias italianas que, con gran esfuerzo, pero con much\u00edsimo amor, apoyan a ni\u00f1os de escasos recursos para que les sea posible sacar sus estudios adelante. En Cartago es un gran beneficio para los estudiantes de nuestro Colegio.<\/p>\n\n\n\n<p>Tambi\u00e9n colaboramos en las actividades parroquiales. Tenemos un contacto asiduo y cercano con las personas que frecuentan la parroquia, pero tambi\u00e9n con gran n\u00famero de sacerdotes de nuestra Di\u00f3cesis quienes nos apoyan en nuestro apostolado y proceso de formaci\u00f3n espiritual en la Instituci\u00f3n.<\/p>\n\n\n\n<p>Participamos activamente tambi\u00e9n en los encuentros de religiosas que mensualmente promueve la Di\u00f3cesis de Cartago.<\/p>\n<\/div>\n\n\n\n<div class=\"wp-block-column is-vertically-aligned-top is-layout-flow wp-block-column-is-layout-flow\">\n<figure class=\"wp-block-image size-large\"><img loading=\"lazy\" decoding=\"async\" width=\"823\" height=\"1024\" src=\"https:\/\/hermanasfranciscanasdelasagradafamilia.com\/wp-content\/uploads\/2024\/09\/Imagen4-823x1024.png\" alt=\"\" class=\"wp-image-520\" srcset=\"https:\/\/hermanasfranciscanasdelasagradafamilia.com\/wp-content\/uploads\/2024\/09\/Imagen4-823x1024.png 823w, https:\/\/hermanasfranciscanasdelasagradafamilia.com\/wp-content\/uploads\/2024\/09\/Imagen4-241x300.png 241w, https:\/\/hermanasfranciscanasdelasagradafamilia.com\/wp-content\/uploads\/2024\/09\/Imagen4-768x955.png 768w, https:\/\/hermanasfranciscanasdelasagradafamilia.com\/wp-content\/uploads\/2024\/09\/Imagen4-1235x1536.png 1235w, https:\/\/hermanasfranciscanasdelasagradafamilia.com\/wp-content\/uploads\/2024\/09\/Imagen4.png 1561w\" sizes=\"auto, (max-width: 823px) 100vw, 823px\" \/><\/figure>\n<\/div>\n<\/div>\n\n\n\n<p><strong>DUITAMA<\/strong><\/p>\n\n\n\n<div class=\"wp-block-columns is-layout-flex wp-container-core-columns-is-layout-9d6595d7 wp-block-columns-is-layout-flex\">\n<div class=\"wp-block-column is-layout-flow wp-block-column-is-layout-flow\">\n<p class=\"has-text-align-left\">La presencia de las hermanas de la Sagrada Familia en Duitama, es a partir de 1975, todo comenz\u00f3 con un peque\u00f1o jard\u00edn infantil y con una enfermer\u00eda para las personas con necesidades. Desde el inicio nuestras hermanas que ven\u00eda de Italia ofrecieron su vida para promocionar nuestro carisma, poco a poco nuestra comunidad ha ido creciendo, ahora el pre escolar, se ha convertido en un hermoso colegio de primaria que recibe el nombre de SAGRADA FAMILIA, all\u00ed nuestras hermanas tambi\u00e9n dedican su tiempo a la pastoral educativa y la formaci\u00f3n espiritual y en valores que es nuestra raz\u00f3n de ser.<\/p>\n\n\n\n<p>Adem\u00e1s de esto nuestra familia religiosa en Colombia cuenta con la ayuda PLAN PADRINO, adopci\u00f3n a distancia, de familias italianas que, con gran esfuerzo, pero con much\u00edsimo amor, apoyan a ni\u00f1os de escasos recursos para que les sea posible sacar sus estudios adelante. En Duitama los ni\u00f1os favorecidos son del colegio Sagrada Familia y de otros ni\u00f1os de la ciudad de Duitama en donde muchas son las necesidades y situaciones de estos ni\u00f1os y sus familias. A nivel de parroquia, colaboramos con la pastoral juvenil, la catequesis, participamos el proceso de Nueva Evangelizaci\u00f3n, colaboramos en misiones en tiempos fuertes, tambi\u00e9n desarrollamos un trabajo importante en la Di\u00f3cesis que es la pastoral de salud, en la cual hacemos parte del equipo responsable, participamos tambi\u00e9n de los encuentros de Religiosas que ofrece la Di\u00f3cesis.<\/p>\n<\/div>\n\n\n\n<div class=\"wp-block-column is-layout-flow wp-block-column-is-layout-flow\">\n<figure class=\"wp-block-image size-large\"><img loading=\"lazy\" decoding=\"async\" width=\"1024\" height=\"898\" src=\"https:\/\/hermanasfranciscanasdelasagradafamilia.com\/wp-content\/uploads\/2024\/09\/Imagen5-1024x898.png\" alt=\"\" class=\"wp-image-522\" srcset=\"https:\/\/hermanasfranciscanasdelasagradafamilia.com\/wp-content\/uploads\/2024\/09\/Imagen5-1024x898.png 1024w, https:\/\/hermanasfranciscanasdelasagradafamilia.com\/wp-content\/uploads\/2024\/09\/Imagen5-300x263.png 300w, https:\/\/hermanasfranciscanasdelasagradafamilia.com\/wp-content\/uploads\/2024\/09\/Imagen5-768x673.png 768w, https:\/\/hermanasfranciscanasdelasagradafamilia.com\/wp-content\/uploads\/2024\/09\/Imagen5-1536x1347.png 1536w, https:\/\/hermanasfranciscanasdelasagradafamilia.com\/wp-content\/uploads\/2024\/09\/Imagen5-342x300.png 342w, https:\/\/hermanasfranciscanasdelasagradafamilia.com\/wp-content\/uploads\/2024\/09\/Imagen5.png 1704w\" sizes=\"auto, (max-width: 1024px) 100vw, 1024px\" \/><\/figure>\n<\/div>\n<\/div>\n\n\n\n<p class=\"has-text-align-center\"><\/p>\n\n\n<div class=\"wp-block-image\">\n<figure class=\"aligncenter size-full\"><img loading=\"lazy\" decoding=\"async\" width=\"990\" height=\"300\" src=\"https:\/\/hermanasfranciscanasdelasagradafamilia.com\/wp-content\/uploads\/2024\/06\/ppduitama-1.jpg\" alt=\"\" class=\"wp-image-498\" srcset=\"https:\/\/hermanasfranciscanasdelasagradafamilia.com\/wp-content\/uploads\/2024\/06\/ppduitama-1.jpg 990w, https:\/\/hermanasfranciscanasdelasagradafamilia.com\/wp-content\/uploads\/2024\/06\/ppduitama-1-300x91.jpg 300w, https:\/\/hermanasfranciscanasdelasagradafamilia.com\/wp-content\/uploads\/2024\/06\/ppduitama-1-768x233.jpg 768w, https:\/\/hermanasfranciscanasdelasagradafamilia.com\/wp-content\/uploads\/2024\/06\/ppduitama-1-903x274.jpg 903w\" sizes=\"auto, (max-width: 990px) 100vw, 990px\" \/><\/figure>\n<\/div>\n\n\n<p><\/p>\n","protected":false},"excerpt":{"rendered":"<p><span class=\"excerpt-fade\"><\/span><\/p>\n","protected":false},"author":1,"featured_media":337,"parent":0,"menu_order":0,"comment_status":"closed","ping_status":"closed","template":"","meta":{"footnotes":""},"class_list":["post-65","page","type-page","status-publish","has-post-thumbnail","hentry"],"_links":{"self":[{"href":"https:\/\/hermanasfranciscanasdelasagradafamilia.com\/index.php\/wp-json\/wp\/v2\/pages\/65","targetHints":{"allow":["GET"]}}],"collection":[{"href":"https:\/\/hermanasfranciscanasdelasagradafamilia.com\/index.php\/wp-json\/wp\/v2\/pages"}],"about":[{"href":"https:\/\/hermanasfranciscanasdelasagradafamilia.com\/index.php\/wp-json\/wp\/v2\/types\/page"}],"author":[{"embeddable":true,"href":"https:\/\/hermanasfranciscanasdelasagradafamilia.com\/index.php\/wp-json\/wp\/v2\/users\/1"}],"replies":[{"embeddable":true,"href":"https:\/\/hermanasfranciscanasdelasagradafamilia.com\/index.php\/wp-json\/wp\/v2\/comments?post=65"}],"version-history":[{"count":20,"href":"https:\/\/hermanasfranciscanasdelasagradafamilia.com\/index.php\/wp-json\/wp\/v2\/pages\/65\/revisions"}],"predecessor-version":[{"id":688,"href":"https:\/\/hermanasfranciscanasdelasagradafamilia.com\/index.php\/wp-json\/wp\/v2\/pages\/65\/revisions\/688"}],"wp:featuredmedia":[{"embeddable":true,"href":"https:\/\/hermanasfranciscanasdelasagradafamilia.com\/index.php\/wp-json\/wp\/v2\/media\/337"}],"wp:attachment":[{"href":"https:\/\/hermanasfranciscanasdelasagradafamilia.com\/index.php\/wp-json\/wp\/v2\/media?parent=65"}],"curies":[{"name":"wp","href":"https:\/\/api.w.org\/{rel}","templated":true}]}}